{"id":9147,"date":"2023-08-21T16:00:51","date_gmt":"2023-08-21T14:00:51","guid":{"rendered":"https:\/\/www.osmose.fun\/?page_id=9147"},"modified":"2023-09-01T15:21:37","modified_gmt":"2023-09-01T13:21:37","slug":"reservation-evgf","status":"publish","type":"page","link":"https:\/\/www.osmose.fun\/index.php\/reservation-evgf\/","title":{"rendered":"R\u00e9servation EVGF"},"content":{"rendered":"\t\t<div data-elementor-type=\"wp-page\" data-elementor-id=\"9147\" class=\"elementor elementor-9147\">\n\t\t\t\t\t\t\t\t\t<section data-mkdf-anchor=\"parcours-ninja\" class=\"elementor-section elementor-top-section elementor-element elementor-element-5b9d262 elementor-section-stretched animated-slow elementor-section-boxed elementor-section-height-default elementor-section-height-default mkdf-parallax-row-no mkdf-content-aligment-left mkdf-elementor-row-grid-no mkdf-disabled-bg-image-bellow-no mkdf-row-btt-light elementor-invisible\" data-id=\"5b9d262\" data-element_type=\"section\" data-settings=\"{&quot;stretch_section&quot;:&quot;section-stretched&quot;,&quot;background_background&quot;:&quot;classic&quot;,&quot;animation&quot;:&quot;fadeIn&quot;}\">\n\t\t\t\t\t\t<div class=\"elementor-container elementor-column-gap-no\">\n\t\t\t\t\t<div class=\"elementor-column elementor-col-100 elementor-top-column elementor-element elementor-element-d9465f9\" data-id=\"d9465f9\" data-element_type=\"column\">\n\t\t\t<div class=\"elementor-widget-wrap elementor-element-populated\">\n\t\t\t\t\t\t\t\t<section class=\"elementor-section elementor-inner-section elementor-element elementor-element-28e3d90 elementor-section-full_width elementor-section-height-default elementor-section-height-default mkdf-parallax-row-no mkdf-content-aligment-left mkdf-elementor-row-grid-no mkdf-disabled-bg-image-bellow-no mkdf-row-btt-light\" data-id=\"28e3d90\" data-element_type=\"section\" data-settings=\"{&quot;background_background&quot;:&quot;gradient&quot;}\">\n\t\t\t\t\t\t<div class=\"elementor-container elementor-column-gap-default\">\n\t\t\t\t\t<div class=\"elementor-column elementor-col-100 elementor-inner-column elementor-element elementor-element-6aaeb18\" data-id=\"6aaeb18\" data-element_type=\"column\" data-settings=\"{&quot;background_background&quot;:&quot;gradient&quot;}\">\n\t\t\t<div class=\"elementor-widget-wrap elementor-element-populated\">\n\t\t\t\t\t\t\t\t<div class=\"elementor-element elementor-element-edb6195 elementor-widget elementor-widget-spacer\" data-id=\"edb6195\" data-element_type=\"widget\" data-widget_type=\"spacer.default\">\n\t\t\t\t<div class=\"elementor-widget-container\">\n\t\t\t<style>\/*! elementor - v3.18.0 - 20-12-2023 *\/\n.elementor-column .elementor-spacer-inner{height:var(--spacer-size)}.e-con{--container-widget-width:100%}.e-con-inner>.elementor-widget-spacer,.e-con>.elementor-widget-spacer{width:var(--container-widget-width,var(--spacer-size));--align-self:var(--container-widget-align-self,initial);--flex-shrink:0}.e-con-inner>.elementor-widget-spacer>.elementor-widget-container,.e-con>.elementor-widget-spacer>.elementor-widget-container{height:100%;width:100%}.e-con-inner>.elementor-widget-spacer>.elementor-widget-container>.elementor-spacer,.e-con>.elementor-widget-spacer>.elementor-widget-container>.elementor-spacer{height:100%}.e-con-inner>.elementor-widget-spacer>.elementor-widget-container>.elementor-spacer>.elementor-spacer-inner,.e-con>.elementor-widget-spacer>.elementor-widget-container>.elementor-spacer>.elementor-spacer-inner{height:var(--container-widget-height,var(--spacer-size))}.e-con-inner>.elementor-widget-spacer.elementor-widget-empty,.e-con>.elementor-widget-spacer.elementor-widget-empty{position:relative;min-height:22px;min-width:22px}.e-con-inner>.elementor-widget-spacer.elementor-widget-empty .elementor-widget-empty-icon,.e-con>.elementor-widget-spacer.elementor-widget-empty .elementor-widget-empty-icon{position:absolute;top:0;bottom:0;left:0;right:0;margin:auto;padding:0;width:22px;height:22px}<\/style>\t\t<div class=\"elementor-spacer\">\n\t\t\t<div class=\"elementor-spacer-inner\"><\/div>\n\t\t<\/div>\n\t\t\t\t<\/div>\n\t\t\t\t<\/div>\n\t\t\t\t<div class=\"elementor-element elementor-element-7f32028 elementor-widget elementor-widget-heading\" data-id=\"7f32028\" data-element_type=\"widget\" data-widget_type=\"heading.default\">\n\t\t\t\t<div class=\"elementor-widget-container\">\n\t\t\t<style>\/*! elementor - v3.18.0 - 20-12-2023 *\/\n.elementor-heading-title{padding:0;margin:0;line-height:1}.elementor-widget-heading .elementor-heading-title[class*=elementor-size-]>a{color:inherit;font-size:inherit;line-height:inherit}.elementor-widget-heading .elementor-heading-title.elementor-size-small{font-size:15px}.elementor-widget-heading .elementor-heading-title.elementor-size-medium{font-size:19px}.elementor-widget-heading .elementor-heading-title.elementor-size-large{font-size:29px}.elementor-widget-heading .elementor-heading-title.elementor-size-xl{font-size:39px}.elementor-widget-heading .elementor-heading-title.elementor-size-xxl{font-size:59px}<\/style><h2 class=\"elementor-heading-title elementor-size-default\">Choisi ton cr\u00e9neau !<\/h2>\t\t<\/div>\n\t\t\t\t<\/div>\n\t\t\t\t<div class=\"elementor-element elementor-element-524eed9 elementor-widget elementor-widget-html\" data-id=\"524eed9\" data-element_type=\"widget\" data-widget_type=\"html.default\">\n\t\t\t\t<div class=\"elementor-widget-container\">\n\t\t\t<!-- D\u00e9but de widget en ligne Calendly -->\r\n<div class=\"calendly-inline-widget\" data-url=\"https:\/\/calendly.com\/osmoselecateau\/reservation-evjf?primary_color=ffe100\" style=\"min-width:320px;height:700px;\"><\/div>\r\n<script type=\"text\/javascript\" src=\"https:\/\/assets.calendly.com\/assets\/external\/widget.js\" async><\/script>\r\n<!-- Fin de widget en ligne Calendly -->\t\t<\/div>\n\t\t\t\t<\/div>\n\t\t\t\t<div class=\"elementor-element elementor-element-05c224a elementor-widget elementor-widget-spacer\" data-id=\"05c224a\" data-element_type=\"widget\" data-widget_type=\"spacer.default\">\n\t\t\t\t<div class=\"elementor-widget-container\">\n\t\t\t\t\t<div class=\"elementor-spacer\">\n\t\t\t<div class=\"elementor-spacer-inner\"><\/div>\n\t\t<\/div>\n\t\t\t\t<\/div>\n\t\t\t\t<\/div>\n\t\t\t\t\t<\/div>\n\t\t<\/div>\n\t\t\t\t\t\t\t<\/div>\n\t\t<\/section>\n\t\t\t\t\t<\/div>\n\t\t<\/div>\n\t\t\t\t\t\t\t<\/div>\n\t\t<\/section>\n\t\t\t\t\t\t\t<\/div>\n\t\t","protected":false},"excerpt":{"rendered":"<p>Choisi ton cr\u00e9neau !<\/p>\n","protected":false},"author":12,"featured_media":0,"parent":0,"menu_order":0,"comment_status":"closed","ping_status":"closed","template":"","meta":{"_eb_attr":"","_monsterinsights_skip_tracking":false,"_monsterinsights_sitenote_active":false,"_monsterinsights_sitenote_note":"","_monsterinsights_sitenote_category":0,"_themeisle_gutenberg_block_has_review":false,"_glsr_average":0,"_glsr_ranking":0,"_glsr_reviews":0,"footnotes":""},"class_list":["post-9147","page","type-page","status-publish","hentry"],"yoast_head":"<!-- This site is optimized with the Yoast SEO plugin v24.9 - https:\/\/yoast.com\/wordpress\/plugins\/seo\/ -->\n<title>R\u00e9servation EVGF - OSMOSE - VENEZ RELEVER LE D\u00c9FI<\/title>\n<meta name=\"description\" content=\"OSMOSE r\u00e9alise vos activit\u00e9s pour les anniversaires, arbre de no\u00ebl, centre a\u00e9r\u00e9, evjg, evjf et vos groupes scolaires \u00e0 Le Cateau dans les Hauts-de-France\" \/>\n<meta name=\"robots\" content=\"index, follow, max-snippet:-1, max-image-preview:large, max-video-preview:-1\" \/>\n<link rel=\"canonical\" href=\"https:\/\/www.osmose.fun\/index.php\/reservation-evgf\/\" \/>\n<meta property=\"og:locale\" content=\"fr_FR\" \/>\n<meta property=\"og:type\" content=\"article\" \/>\n<meta property=\"og:title\" content=\"R\u00e9servation EVGF - OSMOSE - VENEZ RELEVER LE D\u00c9FI\" \/>\n<meta property=\"og:description\" content=\"OSMOSE r\u00e9alise vos activit\u00e9s pour les anniversaires, arbre de no\u00ebl, centre a\u00e9r\u00e9, evjg, evjf et vos groupes scolaires \u00e0 Le Cateau dans les Hauts-de-France\" \/>\n<meta property=\"og:url\" content=\"https:\/\/www.osmose.fun\/index.php\/reservation-evgf\/\" \/>\n<meta property=\"og:site_name\" content=\"OSMOSE\" \/>\n<meta property=\"article:publisher\" content=\"https:\/\/www.facebook.com\/osmoseinandoutdoor\" \/>\n<meta property=\"article:modified_time\" content=\"2023-09-01T13:21:37+00:00\" \/>\n<meta property=\"og:image\" content=\"https:\/\/www.osmose.fun\/wp-content\/uploads\/2021\/06\/osmosefb-1.png\" \/>\n\t<meta property=\"og:image:width\" content=\"1200\" \/>\n\t<meta property=\"og:image:height\" content=\"630\" \/>\n\t<meta property=\"og:image:type\" content=\"image\/png\" \/>\n<meta name=\"twitter:card\" content=\"summary_large_image\" \/>\n<meta name=\"twitter:label1\" content=\"Dur\u00e9e de lecture estim\u00e9e\" \/>\n\t<meta name=\"twitter:data1\" content=\"1 minute\" \/>\n<script type=\"application\/ld+json\" class=\"yoast-schema-graph\">{\"@context\":\"https:\/\/schema.org\",\"@graph\":[{\"@type\":\"WebPage\",\"@id\":\"https:\/\/www.osmose.fun\/index.php\/reservation-evgf\/\",\"url\":\"https:\/\/www.osmose.fun\/index.php\/reservation-evgf\/\",\"name\":\"R\u00e9servation EVGF - OSMOSE - VENEZ RELEVER LE D\u00c9FI\",\"isPartOf\":{\"@id\":\"https:\/\/www.osmose.fun\/#website\"},\"datePublished\":\"2023-08-21T14:00:51+00:00\",\"dateModified\":\"2023-09-01T13:21:37+00:00\",\"description\":\"OSMOSE r\u00e9alise vos activit\u00e9s pour les anniversaires, arbre de no\u00ebl, centre a\u00e9r\u00e9, evjg, evjf et vos groupes scolaires \u00e0 Le Cateau dans les Hauts-de-France\",\"breadcrumb\":{\"@id\":\"https:\/\/www.osmose.fun\/index.php\/reservation-evgf\/#breadcrumb\"},\"inLanguage\":\"fr-FR\",\"potentialAction\":[{\"@type\":\"ReadAction\",\"target\":[\"https:\/\/www.osmose.fun\/index.php\/reservation-evgf\/\"]}]},{\"@type\":\"BreadcrumbList\",\"@id\":\"https:\/\/www.osmose.fun\/index.php\/reservation-evgf\/#breadcrumb\",\"itemListElement\":[{\"@type\":\"ListItem\",\"position\":1,\"name\":\"Accueil\",\"item\":\"https:\/\/www.osmose.fun\/\"},{\"@type\":\"ListItem\",\"position\":2,\"name\":\"R\u00e9servation EVGF\"}]},{\"@type\":\"WebSite\",\"@id\":\"https:\/\/www.osmose.fun\/#website\",\"url\":\"https:\/\/www.osmose.fun\/\",\"name\":\"OSMOSE\",\"description\":\"Le Complexe de loisirs Ninja !\",\"publisher\":{\"@id\":\"https:\/\/www.osmose.fun\/#organization\"},\"potentialAction\":[{\"@type\":\"SearchAction\",\"target\":{\"@type\":\"EntryPoint\",\"urlTemplate\":\"https:\/\/www.osmose.fun\/?s={search_term_string}\"},\"query-input\":{\"@type\":\"PropertyValueSpecification\",\"valueRequired\":true,\"valueName\":\"search_term_string\"}}],\"inLanguage\":\"fr-FR\"},{\"@type\":\"Organization\",\"@id\":\"https:\/\/www.osmose.fun\/#organization\",\"name\":\"OSMOSE\",\"alternateName\":\"complexe multisports\",\"url\":\"https:\/\/www.osmose.fun\/\",\"logo\":{\"@type\":\"ImageObject\",\"inLanguage\":\"fr-FR\",\"@id\":\"https:\/\/www.osmose.fun\/#\/schema\/logo\/image\/\",\"url\":\"https:\/\/www.osmose.fun\/wp-content\/uploads\/2022\/11\/cropped-cropped-Osmose-Logo-png.2-1.png\",\"contentUrl\":\"https:\/\/www.osmose.fun\/wp-content\/uploads\/2022\/11\/cropped-cropped-Osmose-Logo-png.2-1.png\",\"width\":575,\"height\":203,\"caption\":\"OSMOSE\"},\"image\":{\"@id\":\"https:\/\/www.osmose.fun\/#\/schema\/logo\/image\/\"},\"sameAs\":[\"https:\/\/www.facebook.com\/osmoseinandoutdoor\",\"https:\/\/www.linkedin.com\/company\/osmose-le-cateau\/\"]}]}<\/script>\n<!-- \/ Yoast SEO plugin. -->","yoast_head_json":{"title":"R\u00e9servation EVGF - OSMOSE - VENEZ RELEVER LE D\u00c9FI","description":"OSMOSE r\u00e9alise vos activit\u00e9s pour les anniversaires, arbre de no\u00ebl, centre a\u00e9r\u00e9, evjg, evjf et vos groupes scolaires \u00e0 Le Cateau dans les Hauts-de-France","robots":{"index":"index","follow":"follow","max-snippet":"max-snippet:-1","max-image-preview":"max-image-preview:large","max-video-preview":"max-video-preview:-1"},"canonical":"https:\/\/www.osmose.fun\/index.php\/reservation-evgf\/","og_locale":"fr_FR","og_type":"article","og_title":"R\u00e9servation EVGF - OSMOSE - VENEZ RELEVER LE D\u00c9FI","og_description":"OSMOSE r\u00e9alise vos activit\u00e9s pour les anniversaires, arbre de no\u00ebl, centre a\u00e9r\u00e9, evjg, evjf et vos groupes scolaires \u00e0 Le Cateau dans les Hauts-de-France","og_url":"https:\/\/www.osmose.fun\/index.php\/reservation-evgf\/","og_site_name":"OSMOSE","article_publisher":"https:\/\/www.facebook.com\/osmoseinandoutdoor","article_modified_time":"2023-09-01T13:21:37+00:00","og_image":[{"width":1200,"height":630,"url":"https:\/\/www.osmose.fun\/wp-content\/uploads\/2021\/06\/osmosefb-1.png","type":"image\/png"}],"twitter_card":"summary_large_image","twitter_misc":{"Dur\u00e9e de lecture estim\u00e9e":"1 minute"},"schema":{"@context":"https:\/\/schema.org","@graph":[{"@type":"WebPage","@id":"https:\/\/www.osmose.fun\/index.php\/reservation-evgf\/","url":"https:\/\/www.osmose.fun\/index.php\/reservation-evgf\/","name":"R\u00e9servation EVGF - OSMOSE - VENEZ RELEVER LE D\u00c9FI","isPartOf":{"@id":"https:\/\/www.osmose.fun\/#website"},"datePublished":"2023-08-21T14:00:51+00:00","dateModified":"2023-09-01T13:21:37+00:00","description":"OSMOSE r\u00e9alise vos activit\u00e9s pour les anniversaires, arbre de no\u00ebl, centre a\u00e9r\u00e9, evjg, evjf et vos groupes scolaires \u00e0 Le Cateau dans les Hauts-de-France","breadcrumb":{"@id":"https:\/\/www.osmose.fun\/index.php\/reservation-evgf\/#breadcrumb"},"inLanguage":"fr-FR","potentialAction":[{"@type":"ReadAction","target":["https:\/\/www.osmose.fun\/index.php\/reservation-evgf\/"]}]},{"@type":"BreadcrumbList","@id":"https:\/\/www.osmose.fun\/index.php\/reservation-evgf\/#breadcrumb","itemListElement":[{"@type":"ListItem","position":1,"name":"Accueil","item":"https:\/\/www.osmose.fun\/"},{"@type":"ListItem","position":2,"name":"R\u00e9servation EVGF"}]},{"@type":"WebSite","@id":"https:\/\/www.osmose.fun\/#website","url":"https:\/\/www.osmose.fun\/","name":"OSMOSE","description":"Le Complexe de loisirs Ninja !","publisher":{"@id":"https:\/\/www.osmose.fun\/#organization"},"potentialAction":[{"@type":"SearchAction","target":{"@type":"EntryPoint","urlTemplate":"https:\/\/www.osmose.fun\/?s={search_term_string}"},"query-input":{"@type":"PropertyValueSpecification","valueRequired":true,"valueName":"search_term_string"}}],"inLanguage":"fr-FR"},{"@type":"Organization","@id":"https:\/\/www.osmose.fun\/#organization","name":"OSMOSE","alternateName":"complexe multisports","url":"https:\/\/www.osmose.fun\/","logo":{"@type":"ImageObject","inLanguage":"fr-FR","@id":"https:\/\/www.osmose.fun\/#\/schema\/logo\/image\/","url":"https:\/\/www.osmose.fun\/wp-content\/uploads\/2022\/11\/cropped-cropped-Osmose-Logo-png.2-1.png","contentUrl":"https:\/\/www.osmose.fun\/wp-content\/uploads\/2022\/11\/cropped-cropped-Osmose-Logo-png.2-1.png","width":575,"height":203,"caption":"OSMOSE"},"image":{"@id":"https:\/\/www.osmose.fun\/#\/schema\/logo\/image\/"},"sameAs":["https:\/\/www.facebook.com\/osmoseinandoutdoor","https:\/\/www.linkedin.com\/company\/osmose-le-cateau\/"]}]}},"jetpack_sharing_enabled":true,"_links":{"self":[{"href":"https:\/\/www.osmose.fun\/index.php\/wp-json\/wp\/v2\/pages\/9147","targetHints":{"allow":["GET"]}}],"collection":[{"href":"https:\/\/www.osmose.fun\/index.php\/wp-json\/wp\/v2\/pages"}],"about":[{"href":"https:\/\/www.osmose.fun\/index.php\/wp-json\/wp\/v2\/types\/page"}],"author":[{"embeddable":true,"href":"https:\/\/www.osmose.fun\/index.php\/wp-json\/wp\/v2\/users\/12"}],"replies":[{"embeddable":true,"href":"https:\/\/www.osmose.fun\/index.php\/wp-json\/wp\/v2\/comments?post=9147"}],"version-history":[{"count":10,"href":"https:\/\/www.osmose.fun\/index.php\/wp-json\/wp\/v2\/pages\/9147\/revisions"}],"predecessor-version":[{"id":9252,"href":"https:\/\/www.osmose.fun\/index.php\/wp-json\/wp\/v2\/pages\/9147\/revisions\/9252"}],"wp:attachment":[{"href":"https:\/\/www.osmose.fun\/index.php\/wp-json\/wp\/v2\/media?parent=9147"}],"curies":[{"name":"wp","href":"https:\/\/api.w.org\/{rel}","templated":true}]}}